{"id":4627,"date":"2025-11-20T10:42:23","date_gmt":"2025-11-20T09:42:23","guid":{"rendered":"https:\/\/centris.at\/?page_id=4627"},"modified":"2025-11-20T10:44:04","modified_gmt":"2025-11-20T09:44:04","slug":"whiskys-v-centrisu","status":"publish","type":"page","link":"https:\/\/centris.at\/index.php\/whiskys-v-centrisu\/","title":{"rendered":"Viski v Centrisu"},"content":{"rendered":"\n<div class=\"wp-block-cover alignwide has-small-font-size\"><img loading=\"lazy\" decoding=\"async\" width=\"2560\" height=\"1707\" class=\"wp-block-cover__image-background wp-image-4159\" alt=\"\" src=\"https:\/\/centris.at\/wp-content\/uploads\/2024\/06\/DSCF7034-scaled.jpg\" data-object-fit=\"cover\" srcset=\"https:\/\/centris.at\/wp-content\/uploads\/2024\/06\/DSCF7034-scaled.jpg 2560w, https:\/\/centris.at\/wp-content\/uploads\/2024\/06\/DSCF7034-300x200.jpg 300w, https:\/\/centris.at\/wp-content\/uploads\/2024\/06\/DSCF7034-1024x683.jpg 1024w, https:\/\/centris.at\/wp-content\/uploads\/2024\/06\/DSCF7034-768x512.jpg 768w\" sizes=\"auto, (max-width: 2560px) 100vw, 2560px\" \/><span aria-hidden=\"true\" class=\"wp-block-cover__background has-background-dim-0 has-background-dim\" style=\"background-color:#482600\"><\/span><div class=\"wp-block-cover__inner-container is-layout-flow wp-block-cover-is-layout-flow\">\n<div class=\"wp-block-group\" style=\"padding-top:2em;padding-right:2em;padding-bottom:2em;padding-left:2em\"><div class=\"wp-block-group__inner-container is-layout-flow wp-block-group-is-layout-flow\">\n<p class=\"has-white-color has-text-color has-background has-link-color has-large-font-size wp-elements-742c3e431e9b6b2e6b5d94394d9f2696\" style=\"background-color:#965906b5;line-height:1.2\"><strong>Viski v Centrisu<\/strong><\/p>\n\n\n\n<p class=\"has-white-color has-text-color has-background has-link-color has-medium-font-size wp-elements-147ee2d813b5544874437af509bff077\" style=\"background-color:#0000007a\">V Centrisu lahko odkrijete izjemno zbirko vrhunskih \u0161kotskih viskijev \u2013 od klasi\u010dnih single maltov do ekskluzivnih steklenic Scotch Malt Whisky Society (SMWS).<\/p>\n\n\n\n<p class=\"has-white-color has-text-color has-background has-link-color has-medium-font-size wp-elements-e6cee3e5485cfb25cc00b448376bae4f\" style=\"background-color:#0000007a\">V na\u0161i <strong>bro\u0161uri o viskijih<\/strong> so pregledno predstavljene vse vrste, opisi in ozadja \u2013 vklju\u010dno z edinstvenimi izdajami SMWS in drugimi posebnostmi iz na\u0161e zbirke.<\/p>\n\n\n\n<div class=\"wp-block-pdf-viewer-block-standard\" style=\"text-align:left\"><div class=\"uploaded-pdf\"><a href=\"https:\/\/centris.at\/wp-content\/uploads\/2025\/11\/WHISKY-COLLECTION_final.pdf\" data-width=\"\" data-height=\"1400\"><\/a><\/div><\/div>\n<\/div><\/div>\n<\/div><\/div>\n\n\n\n<p><\/p>\n\n\n\n<p><\/p>\n","protected":false},"excerpt":{"rendered":"Viski v Centrisu V Centrisu lahko odkrijete izjemno zbirko vrhunskih \u0161kotskih viskijev \u2013 od klasi\u010dnih single maltov do ekskluzivnih steklenic Scotch Malt Whisky Society (SMWS). V na\u0161i bro\u0161uri o viskijih so pregledno predstavljene vse vrste, opisi in ozadja \u2013 vklju\u010dno z edinstvenimi izdajami SMWS in...","protected":false},"author":1,"featured_media":0,"parent":0,"menu_order":0,"comment_status":"closed","ping_status":"closed","template":"","meta":{"_joinchat":[],"footnotes":""},"class_list":["post-4627","page","type-page","status-publish","hentry"],"_links":{"self":[{"href":"https:\/\/centris.at\/index.php\/wp-json\/wp\/v2\/pages\/4627","targetHints":{"allow":["GET"]}}],"collection":[{"href":"https:\/\/centris.at\/index.php\/wp-json\/wp\/v2\/pages"}],"about":[{"href":"https:\/\/centris.at\/index.php\/wp-json\/wp\/v2\/types\/page"}],"author":[{"embeddable":true,"href":"https:\/\/centris.at\/index.php\/wp-json\/wp\/v2\/users\/1"}],"replies":[{"embeddable":true,"href":"https:\/\/centris.at\/index.php\/wp-json\/wp\/v2\/comments?post=4627"}],"version-history":[{"count":3,"href":"https:\/\/centris.at\/index.php\/wp-json\/wp\/v2\/pages\/4627\/revisions"}],"predecessor-version":[{"id":4630,"href":"https:\/\/centris.at\/index.php\/wp-json\/wp\/v2\/pages\/4627\/revisions\/4630"}],"wp:attachment":[{"href":"https:\/\/centris.at\/index.php\/wp-json\/wp\/v2\/media?parent=4627"}],"curies":[{"name":"wp","href":"https:\/\/api.w.org\/{rel}","templated":true}]}}