{"id":3919,"date":"2024-01-06T12:06:56","date_gmt":"2024-01-06T12:06:56","guid":{"rendered":"https:\/\/centris.at\/?page_id=3919"},"modified":"2025-11-20T10:40:25","modified_gmt":"2025-11-20T09:40:25","slug":"whiskys-im-centris","status":"publish","type":"page","link":"https:\/\/centris.at\/index.php\/whiskys-im-centris\/","title":{"rendered":"Whisky im Centris"},"content":{"rendered":"\n<div class=\"wp-block-cover alignwide has-small-font-size\"><img loading=\"lazy\" decoding=\"async\" width=\"2560\" height=\"1707\" class=\"wp-block-cover__image-background wp-image-4159\" alt=\"\" src=\"https:\/\/centris.at\/wp-content\/uploads\/2024\/06\/DSCF7034-scaled.jpg\" data-object-fit=\"cover\" srcset=\"https:\/\/centris.at\/wp-content\/uploads\/2024\/06\/DSCF7034-scaled.jpg 2560w, https:\/\/centris.at\/wp-content\/uploads\/2024\/06\/DSCF7034-300x200.jpg 300w, https:\/\/centris.at\/wp-content\/uploads\/2024\/06\/DSCF7034-1024x683.jpg 1024w, https:\/\/centris.at\/wp-content\/uploads\/2024\/06\/DSCF7034-768x512.jpg 768w\" sizes=\"auto, (max-width: 2560px) 100vw, 2560px\" \/><span aria-hidden=\"true\" class=\"wp-block-cover__background has-background-dim-0 has-background-dim\" style=\"background-color:#482600\"><\/span><div class=\"wp-block-cover__inner-container is-layout-flow wp-block-cover-is-layout-flow\">\n<div class=\"wp-block-group\" style=\"padding-top:2em;padding-right:2em;padding-bottom:2em;padding-left:2em\"><div class=\"wp-block-group__inner-container is-layout-flow wp-block-group-is-layout-flow\">\n<p class=\"has-white-color has-text-color has-background has-link-color has-large-font-size wp-elements-90b5c5c1a626c98f0170fbf117de6d62\" style=\"background-color:#965906b5;line-height:1.2\"><strong>Whiskys im Centris<\/strong><\/p>\n\n\n\n<p class=\"has-white-color has-text-color has-background has-link-color has-medium-font-size wp-elements-5025ae2e6c3248017b785703cb56fc81\" style=\"background-color:#0000007a\">Entdecke im Centris eine au\u00dfergew\u00f6hnliche Auswahl erlesener schottischer Whiskys \u2013 von klassischen Single Malts bis hin zu exklusiven Abf\u00fcllungen der Scotch Malt Whisky Society (SMWS).<\/p>\n\n\n\n<p class=\"has-white-color has-text-color has-background has-link-color has-medium-font-size wp-elements-88b8067560de22eaebc17e63e7b984fa\" style=\"background-color:#0000007a\">In unserer <strong>Whisky-Brosch\u00fcre<\/strong> findest du alle Sorten, Beschreibungen und Hintergr\u00fcnde \u00fcbersichtlich zusammengefasst, inklusive unserer besonderen SMWS-Highlights und weiterer Rarit\u00e4ten aus unserer Sammlung.<\/p>\n\n\n\n<div class=\"wp-block-pdf-viewer-block-standard\" style=\"text-align:left\"><div class=\"uploaded-pdf\"><a href=\"https:\/\/centris.at\/wp-content\/uploads\/2025\/11\/WHISKY-COLLECTION_final.pdf\" data-width=\"\" data-height=\"1400\"><\/a><\/div><\/div>\n<\/div><\/div>\n<\/div><\/div>\n\n\n\n<p><\/p>\n\n\n\n<p><\/p>\n","protected":false},"excerpt":{"rendered":"Whiskys im Centris Entdecke im Centris eine au\u00dfergew\u00f6hnliche Auswahl erlesener schottischer Whiskys \u2013 von klassischen Single Malts bis hin zu exklusiven Abf\u00fcllungen der Scotch Malt Whisky Society (SMWS). In unserer Whisky-Brosch\u00fcre findest du alle Sorten, Beschreibungen und Hintergr\u00fcnde \u00fcbersichtlich zusammengefasst, inklusive unserer besonderen SMWS-Highlights und...","protected":false},"author":1,"featured_media":0,"parent":0,"menu_order":0,"comment_status":"closed","ping_status":"closed","template":"","meta":{"_joinchat":[],"footnotes":""},"class_list":["post-3919","page","type-page","status-publish","hentry"],"_links":{"self":[{"href":"https:\/\/centris.at\/index.php\/wp-json\/wp\/v2\/pages\/3919","targetHints":{"allow":["GET"]}}],"collection":[{"href":"https:\/\/centris.at\/index.php\/wp-json\/wp\/v2\/pages"}],"about":[{"href":"https:\/\/centris.at\/index.php\/wp-json\/wp\/v2\/types\/page"}],"author":[{"embeddable":true,"href":"https:\/\/centris.at\/index.php\/wp-json\/wp\/v2\/users\/1"}],"replies":[{"embeddable":true,"href":"https:\/\/centris.at\/index.php\/wp-json\/wp\/v2\/comments?post=3919"}],"version-history":[{"count":20,"href":"https:\/\/centris.at\/index.php\/wp-json\/wp\/v2\/pages\/3919\/revisions"}],"predecessor-version":[{"id":4625,"href":"https:\/\/centris.at\/index.php\/wp-json\/wp\/v2\/pages\/3919\/revisions\/4625"}],"wp:attachment":[{"href":"https:\/\/centris.at\/index.php\/wp-json\/wp\/v2\/media?parent=3919"}],"curies":[{"name":"wp","href":"https:\/\/api.w.org\/{rel}","templated":true}]}}