{"id":3397,"date":"2023-01-13T13:12:31","date_gmt":"2023-01-13T13:12:31","guid":{"rendered":"https:\/\/centris.at\/?page_id=3397"},"modified":"2025-06-10T08:59:58","modified_gmt":"2025-06-10T06:59:58","slug":"impressum","status":"publish","type":"page","link":"https:\/\/centris.at\/index.php\/impressum\/","title":{"rendered":"Impressum"},"content":{"rendered":"\n<p><strong>Firmenwortlaut:<\/strong><br>C.E.N.T.R.I.S. Sport- und Freizeitanlagen Betriebs-GmbH &#8211; Nfg. KG<\/p>\n\n\n\n<p><strong>Unternehmensgegenstand:<\/strong><br>Immobilienbesitz, -vermietung und -verwaltung; Betrieb von Freizeit- und Sportanlagen; Buffetbetrieb<\/p>\n\n\n\n<p><strong>UID-Nummer:<\/strong><br>ATU60539527<\/p>\n\n\n\n<p><strong>Firmenbuchnummer:<\/strong><br>FN 148863 t<\/p>\n\n\n\n<p><strong>Firmenbuchgericht:<\/strong><br>Landesgericht Klagenfurt<\/p>\n\n\n\n<p><strong>Gesch\u00e4ftsf\u00fchrer:<\/strong><br>Miha Poga\u010dar<\/p>\n\n\n\n<p><strong>Anschrift:<\/strong><br>Sankt Johann im Rosental 114<br>9162 Feistritz im Rosental<br>\u00d6sterreich<\/p>\n\n\n\n<p><strong>Kontakt:<\/strong><br>Telefon: +43 699 11319076<br>E-Mail: <a>info@centris.at<\/a><br>Verleihungsstaat: \u00d6sterreich<\/p>\n\n\n\n<p><strong>Informationspflicht gem\u00e4\u00df \u00a75 E-Commerce-Gesetz, \u00a714 Unternehmensgesetzbuch, \u00a763 Gewerbeordnung sowie Offenlegungspflicht gem\u00e4\u00df \u00a725 Mediengesetz.<\/strong><\/p>\n\n\n\n<p><strong>Bankverbindung:<\/strong><br>IBAN: AT17 3948 7000 0022 7249<br>BIC: RZKTAT2K487<\/p>\n\n\n\n<p><strong>Online-Streitbeilegung:<\/strong><br>Verbraucher haben die M\u00f6glichkeit, Beschwerden an die Online-Streitbeilegungsplattform der EU zu richten: <a class=\"\" href=\"https:\/\/ec.europa.eu\/odr\">https:\/\/ec.europa.eu\/odr<\/a><br>Sie k\u00f6nnen Ihre Beschwerde auch direkt an uns unter der oben angegebenen E-Mail-Adresse richten.<\/p>\n\n\n\n<p><strong>Bildnachweis:<\/strong><br>Alle auf dieser Website verwendeten Bilder, Fotos und Grafiken sind urheberrechtlich gesch\u00fctzt.<br>Die Bildrechte liegen entweder bei der C.E.N.T.R.I.S. Sport- und Freizeitanlagen Betriebs-GmbH &#8211; Nfg. KG oder bei den jeweils angegebenen Fotograf:innen bzw. Quellen.<br>Einzelne Bildnachweise sind direkt bei den jeweiligen Abbildungen vermerkt.<\/p>\n\n\n\n<p><strong>Datenschutz:<\/strong><br>Diese Website verwendet Google Analytics, einen Webanalysedienst der Google Ireland Limited. Google Analytics setzt Cookies ein, die eine Analyse der Websitenutzung erm\u00f6glichen. Die dadurch erzeugten Informationen werden in der Regel anonymisiert an Server von Google \u00fcbertragen und gespeichert.<\/p>\n\n\n\n<p>Wir nutzen Google Analytics mit aktivierter IP-Anonymisierung (\u201e_anonymizeIp()\u201c), sodass IP-Adressen nur gek\u00fcrzt weiterverarbeitet werden und keine direkte Personenbeziehbarkeit besteht. Google verarbeitet diese Daten im Rahmen unseres Auftrags zur Analyse des Nutzerverhaltens und zur Verbesserung unseres Webangebots. Eine Weitergabe an Dritte erfolgt nur im gesetzlich zul\u00e4ssigen Rahmen.<\/p>\n\n\n\n<p>Sie k\u00f6nnen die Speicherung von Cookies durch entsprechende Einstellungen in Ihrem Browser verhindern. Beachten Sie jedoch, dass dadurch gegebenenfalls nicht alle Funktionen dieser Website in vollem Umfang nutzbar sind.<\/p>\n\n\n\n<p>Durch die Nutzung dieser Website erkl\u00e4ren Sie sich mit der beschriebenen Datenverarbeitung einverstanden.<\/p>\n\n\n\n<p><strong>Newsletter:<\/strong><br>Wenn Sie unseren Newsletter abonnieren, verarbeiten wir Ihre Daten im Rahmen des Double-Opt-in-Verfahrens. Dabei speichern wir Ihre E-Mail-Adresse, die IP-Adresse sowie Datum und Uhrzeit der Anmeldung zur Absicherung gegen Missbrauch. Eine Weitergabe an Dritte erfolgt nicht, au\u00dfer bei gesetzlicher Verpflichtung.<\/p>\n\n\n\n<p>Sie k\u00f6nnen Ihre Einwilligung jederzeit widerrufen; ein entsprechender Abmeldelink befindet sich in jedem Newsletter.<\/p>\n\n\n\n<p class=\"has-small-font-size\"><strong>Rechtsgrundlagen:<\/strong><\/p>\n\n\n\n<ul class=\"wp-block-list\">\n<li>Einwilligung gem\u00e4\u00df Art. 6 Abs. 1 lit. a DSGVO<\/li>\n\n\n\n<li>\u00a7 7 Abs. 3 UWG bei bestehenden Kundenbeziehungen<\/li>\n<\/ul>\n\n\n\n<p><strong>Haftungsausschluss:<\/strong><br>Alle Inhalte dieser Website wurden sorgf\u00e4ltig erstellt. F\u00fcr die Richtigkeit, Vollst\u00e4ndigkeit und Aktualit\u00e4t wird jedoch keine Gew\u00e4hr \u00fcbernommen. Die Nutzung der Inhalte erfolgt auf eigene Verantwortung. Dieses Impressum ersetzt keine Rechtsberatung. Die Integration erfolgt auf eigene Verantwortung.<\/p>\n","protected":false},"excerpt":{"rendered":"<p>Firmenwortlaut:C.E.N.T.R.I.S. Sport- und Freizeitanlagen Betriebs-GmbH &#8211; Nfg. KG Unternehmensgegenstand:Immobilienbesitz, -vermietung und -verwaltung; Betrieb von Freizeit- und Sportanlagen; Buffetbetrieb UID-Nummer:ATU60539527 Firmenbuchnummer:FN 148863 t Firmenbuchgericht:Landesgericht Klagenfurt Gesch\u00e4ftsf\u00fchrer:Miha Poga\u010dar Anschrift:Sankt Johann im Rosental 1149162 Feistritz im Rosental\u00d6sterreich Kontakt:Telefon: +43 699 11319076E-Mail: info@centris.atVerleihungsstaat: \u00d6sterreich Informationspflicht gem\u00e4\u00df \u00a75 E-Commerce-Gesetz, \u00a714&#8230;<\/p>\n","protected":false},"author":1,"featured_media":0,"parent":0,"menu_order":0,"comment_status":"closed","ping_status":"closed","template":"","meta":{"_joinchat":[],"footnotes":""},"class_list":["post-3397","page","type-page","status-publish","hentry"],"_links":{"self":[{"href":"https:\/\/centris.at\/index.php\/wp-json\/wp\/v2\/pages\/3397","targetHints":{"allow":["GET"]}}],"collection":[{"href":"https:\/\/centris.at\/index.php\/wp-json\/wp\/v2\/pages"}],"about":[{"href":"https:\/\/centris.at\/index.php\/wp-json\/wp\/v2\/types\/page"}],"author":[{"embeddable":true,"href":"https:\/\/centris.at\/index.php\/wp-json\/wp\/v2\/users\/1"}],"replies":[{"embeddable":true,"href":"https:\/\/centris.at\/index.php\/wp-json\/wp\/v2\/comments?post=3397"}],"version-history":[{"count":9,"href":"https:\/\/centris.at\/index.php\/wp-json\/wp\/v2\/pages\/3397\/revisions"}],"predecessor-version":[{"id":4509,"href":"https:\/\/centris.at\/index.php\/wp-json\/wp\/v2\/pages\/3397\/revisions\/4509"}],"wp:attachment":[{"href":"https:\/\/centris.at\/index.php\/wp-json\/wp\/v2\/media?parent=3397"}],"curies":[{"name":"wp","href":"https:\/\/api.w.org\/{rel}","templated":true}]}}